{"id":203,"date":"2011-09-14T09:45:02","date_gmt":"2011-09-14T09:45:02","guid":{"rendered":"http:\/\/sklepniewiadow.pl\/"},"modified":"2026-01-29T10:33:40","modified_gmt":"2026-01-29T10:33:40","slug":"home","status":"publish","type":"page","link":"https:\/\/kempingi.olsztyn.pl\/next\/","title":{"rendered":"G\u0142\u00f3wna"},"content":{"rendered":"\t\t<div data-elementor-type=\"wp-page\" data-elementor-id=\"203\" class=\"elementor elementor-203\">\n\t\t\t\t\t\t<section class=\"elementor-section elementor-top-section elementor-element elementor-element-be6436c elementor-section-boxed elementor-section-height-default elementor-section-height-default\" data-id=\"be6436c\" data-element_type=\"section\">\n\t\t\t\t\t\t<div class=\"elementor-container elementor-column-gap-default\">\n\t\t\t\t\t<div class=\"elementor-column elementor-col-100 elementor-top-column elementor-element elementor-element-e69d192\" data-id=\"e69d192\" data-element_type=\"column\">\n\t\t\t<div class=\"elementor-widget-wrap elementor-element-populated\">\n\t\t\t\t\t\t<div class=\"elementor-element elementor-element-738078d elementor-widget elementor-widget-slider_revolution\" data-id=\"738078d\" data-element_type=\"widget\" data-widget_type=\"slider_revolution.default\">\n\t\t\t\t<div class=\"elementor-widget-container\">\n\t\t\t\t\t\n\t\t<div class=\"wp-block-themepunch-revslider\">\n\t\t\t<!-- START Slider 1 REVOLUTION SLIDER 6.2.15 --><p class=\"rs-p-wp-fix\"><\/p>\n\t\t\t<rs-module-wrap id=\"rev_slider_1_1_wrapper\" data-source=\"gallery\" style=\"background:transparent;padding:0;margin:0px auto;margin-top:0;margin-bottom:0;\">\n\t\t\t\t<rs-module id=\"rev_slider_1_1\" style=\"\" data-version=\"6.2.15\">\n\t\t\t\t\t<rs-slides>\n\t\t\t\t\t\t<rs-slide data-key=\"rs-1\" data-title=\"Slide\" data-thumb=\"\/\/kempingi.olsztyn.pl\/next\/wp-content\/uploads\/2025\/03\/06_NEXT_ani3-50x100.jpg\" data-anim=\"ei:d;eo:d;s:1000;r:0;t:fade;sl:0;\">\n\t\t\t\t\t\t\t<img fetchpriority=\"high\" decoding=\"async\" src=\"\/\/kempingi.olsztyn.pl\/next\/wp-content\/uploads\/2025\/03\/06_NEXT_ani3.jpg\" title=\"06_NEXT_ani3\" width=\"2500\" height=\"1387\" data-bg=\"p:center bottom;\" class=\"rev-slidebg\" data-no-retina>\n<!--\n\t\t\t\t\t\t\t--><rs-layer\n\t\t\t\t\t\t\t\tid=\"slider-1-slide-1-layer-9\" \n\t\t\t\t\t\t\t\tdata-type=\"text\"\n\t\t\t\t\t\t\t\tdata-color=\"#fff\"\n\t\t\t\t\t\t\t\tdata-rsp_ch=\"on\"\n\t\t\t\t\t\t\t\tdata-xy=\"x:c;y:b;yo:30px;\"\n\t\t\t\t\t\t\t\tdata-text=\"w:normal;s:70;l:50;\"\n\t\t\t\t\t\t\t\tdata-dim=\"minh:0px;\"\n\t\t\t\t\t\t\t\tdata-frame_999=\"o:0;st:w;sR:8700;\"\n\t\t\t\t\t\t\t\tstyle=\"z-index:12;font-family:Arial;\"\n\t\t\t\t\t\t\t>KEMPINGI OLSZTYN \n\t\t\t\t\t\t\t<\/rs-layer><!--\n\n\t\t\t\t\t\t\t--><rs-layer\n\t\t\t\t\t\t\t\tid=\"slider-1-slide-1-layer-10\" \n\t\t\t\t\t\t\t\tdata-type=\"shape\"\n\t\t\t\t\t\t\t\tdata-rsp_ch=\"on\"\n\t\t\t\t\t\t\t\tdata-xy=\"x:-618px;y:b;\"\n\t\t\t\t\t\t\t\tdata-text=\"w:normal;\"\n\t\t\t\t\t\t\t\tdata-dim=\"w:2616px;h:116px;\"\n\t\t\t\t\t\t\t\tdata-frame_999=\"o:0;st:w;sR:8700;\"\n\t\t\t\t\t\t\t\tstyle=\"z-index:9;background-color:#3a5fa3;\"\n\t\t\t\t\t\t\t> \n\t\t\t\t\t\t\t<\/rs-layer><!--\n\n\t\t\t\t\t\t\t--><rs-layer\n\t\t\t\t\t\t\t\tid=\"slider-1-slide-1-layer-12\" \n\t\t\t\t\t\t\t\tdata-type=\"text\"\n\t\t\t\t\t\t\t\tdata-color=\"#ffffff\"\n\t\t\t\t\t\t\t\tdata-rsp_ch=\"on\"\n\t\t\t\t\t\t\t\tdata-xy=\"x:c;y:c;yo:-300px;\"\n\t\t\t\t\t\t\t\tdata-text=\"w:normal;s:107;l:134;fw:700;\"\n\t\t\t\t\t\t\t\tdata-frame_0=\"o:1;\"\n\t\t\t\t\t\t\t\tdata-frame_0_chars=\"o:0;\"\n\t\t\t\t\t\t\t\tdata-frame_1=\"e:power4.inOut;st:990;sp:1000;sR:150;\"\n\t\t\t\t\t\t\t\tdata-frame_999=\"o:0;st:w;sR:7710;\"\n\t\t\t\t\t\t\t\tstyle=\"z-index:13;font-family:Roboto;\"\n\t\t\t\t\t\t\t>NEXT380 \n\t\t\t\t\t\t\t<\/rs-layer><!--\n-->\t\t\t\t\t\t<\/rs-slide>\n\t\t\t\t\t\t<rs-slide data-key=\"rs-18\" data-title=\"Slide\" data-thumb=\"\/\/kempingi.olsztyn.pl\/next\/wp-content\/uploads\/2026\/01\/next-381-banner-50x100.jpg\" data-anim=\"ei:d;eo:d;s:1000;r:0;t:fade;sl:0;\">\n\t\t\t\t\t\t\t<img decoding=\"async\" src=\"\/\/kempingi.olsztyn.pl\/next\/wp-content\/uploads\/2026\/01\/next-381-banner.jpg\" title=\"next 381 banner\" width=\"1920\" height=\"1072\" class=\"rev-slidebg\" data-no-retina>\n<!--\n\t\t\t\t\t\t\t--><rs-layer\n\t\t\t\t\t\t\t\tid=\"slider-1-slide-18-layer-9\" \n\t\t\t\t\t\t\t\tdata-type=\"text\"\n\t\t\t\t\t\t\t\tdata-color=\"#fff\"\n\t\t\t\t\t\t\t\tdata-rsp_ch=\"on\"\n\t\t\t\t\t\t\t\tdata-xy=\"x:c;y:b;yo:30px;\"\n\t\t\t\t\t\t\t\tdata-text=\"w:normal;s:70;l:50;\"\n\t\t\t\t\t\t\t\tdata-dim=\"minh:0px;\"\n\t\t\t\t\t\t\t\tdata-frame_999=\"o:0;st:w;sR:8700;\"\n\t\t\t\t\t\t\t\tstyle=\"z-index:12;font-family:Arial;\"\n\t\t\t\t\t\t\t>KEMPINGI OLSZTYN \n\t\t\t\t\t\t\t<\/rs-layer><!--\n\n\t\t\t\t\t\t\t--><rs-layer\n\t\t\t\t\t\t\t\tid=\"slider-1-slide-18-layer-10\" \n\t\t\t\t\t\t\t\tdata-type=\"shape\"\n\t\t\t\t\t\t\t\tdata-rsp_ch=\"on\"\n\t\t\t\t\t\t\t\tdata-xy=\"x:-618px;y:b;\"\n\t\t\t\t\t\t\t\tdata-text=\"w:normal;\"\n\t\t\t\t\t\t\t\tdata-dim=\"w:2616px;h:116px;\"\n\t\t\t\t\t\t\t\tdata-frame_999=\"o:0;st:w;sR:8700;\"\n\t\t\t\t\t\t\t\tstyle=\"z-index:9;background-color:#3a5fa3;\"\n\t\t\t\t\t\t\t> \n\t\t\t\t\t\t\t<\/rs-layer><!--\n\n\t\t\t\t\t\t\t--><rs-layer\n\t\t\t\t\t\t\t\tid=\"slider-1-slide-18-layer-12\" \n\t\t\t\t\t\t\t\tdata-type=\"text\"\n\t\t\t\t\t\t\t\tdata-color=\"#ffffff\"\n\t\t\t\t\t\t\t\tdata-rsp_ch=\"on\"\n\t\t\t\t\t\t\t\tdata-xy=\"x:c;y:c;yo:-300px;\"\n\t\t\t\t\t\t\t\tdata-text=\"w:normal;s:107;l:134;fw:700;\"\n\t\t\t\t\t\t\t\tdata-frame_0=\"o:1;\"\n\t\t\t\t\t\t\t\tdata-frame_0_chars=\"o:0;\"\n\t\t\t\t\t\t\t\tdata-frame_1=\"e:power4.inOut;st:990;sp:1000;sR:150;\"\n\t\t\t\t\t\t\t\tdata-frame_999=\"o:0;st:w;sR:7710;\"\n\t\t\t\t\t\t\t\tstyle=\"z-index:13;font-family:Roboto;\"\n\t\t\t\t\t\t\t>NEXT381 \n\t\t\t\t\t\t\t<\/rs-layer><!--\n-->\t\t\t\t\t\t<\/rs-slide>\n\t\t\t\t\t<\/rs-slides>\n\t\t\t\t<\/rs-module>\n\t\t\t\t<script type=\"text\/javascript\">\n\t\t\t\t\tsetREVStartSize({c: 'rev_slider_1_1',rl:[1240,1024,778,480],el:[750],gw:[1240],gh:[750],type:'standard',justify:'',layout:'fullwidth',mh:\"0\"});\n\t\t\t\t\tvar\trevapi1,\n\t\t\t\t\t\ttpj;\n\t\t\t\t\tjQuery(function() {\n\t\t\t\t\t\ttpj = jQuery;\n\t\t\t\t\t\trevapi1 = tpj(\"#rev_slider_1_1\")\n\t\t\t\t\t\tif(revapi1==undefined || revapi1.revolution == undefined){\n\t\t\t\t\t\t\trevslider_showDoubleJqueryError(\"rev_slider_1_1\");\n\t\t\t\t\t\t}else{\n\t\t\t\t\t\t\trevapi1.revolution({\n\t\t\t\t\t\t\t\tsliderLayout:\"fullwidth\",\n\t\t\t\t\t\t\t\tvisibilityLevels:\"1240,1024,778,480\",\n\t\t\t\t\t\t\t\tgridwidth:1240,\n\t\t\t\t\t\t\t\tgridheight:750,\n\t\t\t\t\t\t\t\tperspective:600,\n\t\t\t\t\t\t\t\tperspectiveType:\"local\",\n\t\t\t\t\t\t\t\teditorheight:\"750,657.997,960,720\",\n\t\t\t\t\t\t\t\tresponsiveLevels:\"1240,1024,778,480\",\n\t\t\t\t\t\t\t\tprogressBar:{disableProgressBar:true},\n\t\t\t\t\t\t\t\tnavigation: {\n\t\t\t\t\t\t\t\t\tonHoverStop:false,\n\t\t\t\t\t\t\t\t\tarrows: {\n\t\t\t\t\t\t\t\t\t\tenable:true,\n\t\t\t\t\t\t\t\t\t\tstyle:\"hesperiden\",\n\t\t\t\t\t\t\t\t\t\tleft: {\n\t\t\t\t\t\t\t\t\t\t\th_offset:30\n\t\t\t\t\t\t\t\t\t\t},\n\t\t\t\t\t\t\t\t\t\tright: {\n\t\t\t\t\t\t\t\t\t\t\th_offset:30\n\t\t\t\t\t\t\t\t\t\t}\n\t\t\t\t\t\t\t\t\t}\n\t\t\t\t\t\t\t\t},\n\t\t\t\t\t\t\t\tfallbacks: {\n\t\t\t\t\t\t\t\t\tallowHTML5AutoPlayOnAndroid:true\n\t\t\t\t\t\t\t\t},\n\t\t\t\t\t\t\t});\n\t\t\t\t\t\t}\n\t\t\t\t\t\t\n\t\t\t\t\t});\n\t\t\t\t<\/script>\n\t\t\t\t<script>\n\t\t\t\t\tvar htmlDivCss = unescape(\"%23rev_slider_1_1_wrapper%20.hesperiden.tparrows%20%7B%0A%09cursor%3Apointer%3B%0A%09background%3Argba%280%2C0%2C0%2C0.5%29%3B%0A%09width%3A40px%3B%0A%09height%3A40px%3B%0A%09position%3Aabsolute%3B%0A%09display%3Ablock%3B%0A%09z-index%3A1000%3B%0A%20%20%20%20border-radius%3A%2050%25%3B%0A%7D%0A%23rev_slider_1_1_wrapper%20.hesperiden.tparrows%3Ahover%20%7B%0A%09background%3A%23000000%3B%0A%7D%0A%23rev_slider_1_1_wrapper%20.hesperiden.tparrows%3Abefore%20%7B%0A%09font-family%3A%20%27revicons%27%3B%0A%09font-size%3A20px%3B%0A%09color%3A%23ffffff%3B%0A%09display%3Ablock%3B%0A%09line-height%3A%2040px%3B%0A%09text-align%3A%20center%3B%0A%7D%0A%23rev_slider_1_1_wrapper%20.hesperiden.tparrows.tp-leftarrow%3Abefore%20%7B%0A%09content%3A%20%27%5Ce82c%27%3B%0A%20%20%20%20margin-left%3A-3px%3B%0A%7D%0A%23rev_slider_1_1_wrapper%20.hesperiden.tparrows.tp-rightarrow%3Abefore%20%7B%0A%09content%3A%20%27%5Ce82d%27%3B%0A%20%20%20%20margin-right%3A-3px%3B%0A%7D%0A\");\n\t\t\t\t\tvar htmlDiv = document.getElementById('rs-plugin-settings-inline-css');\n\t\t\t\t\tif(htmlDiv) {\n\t\t\t\t\t\thtmlDiv.innerHTML = htmlDiv.innerHTML + htmlDivCss;\n\t\t\t\t\t}else{\n\t\t\t\t\t\tvar htmlDiv = document.createElement('div');\n\t\t\t\t\t\thtmlDiv.innerHTML = '<style>' + htmlDivCss + '<\/style>';\n\t\t\t\t\t\tdocument.getElementsByTagName('head')[0].appendChild(htmlDiv.childNodes[0]);\n\t\t\t\t\t}\n\t\t\t\t<\/script>\n\t\t\t\t<script>\n\t\t\t\t\tvar htmlDivCss = unescape(\"%0A%0A\");\n\t\t\t\t\tvar htmlDiv = document.getElementById('rs-plugin-settings-inline-css');\n\t\t\t\t\tif(htmlDiv) {\n\t\t\t\t\t\thtmlDiv.innerHTML = htmlDiv.innerHTML + htmlDivCss;\n\t\t\t\t\t}else{\n\t\t\t\t\t\tvar htmlDiv = document.createElement('div');\n\t\t\t\t\t\thtmlDiv.innerHTML = '<style>' + htmlDivCss + '<\/style>';\n\t\t\t\t\t\tdocument.getElementsByTagName('head')[0].appendChild(htmlDiv.childNodes[0]);\n\t\t\t\t\t}\n\t\t\t\t<\/script>\n\t\t\t<\/rs-module-wrap>\n\t\t\t<!-- END REVOLUTION SLIDER -->\n<\/div>\n\n\t\t\t\t\t\t<\/div>\n\t\t\t\t<\/div>\n\t\t\t\t\t<\/div>\n\t\t<\/div>\n\t\t\t\t\t<\/div>\n\t\t<\/section>\n\t\t\t\t<section class=\"elementor-section elementor-top-section elementor-element elementor-element-31bf50f elementor-section-boxed elementor-section-height-default elementor-section-height-default\" data-id=\"31bf50f\" data-element_type=\"section\">\n\t\t\t\t\t\t<div class=\"elementor-container elementor-column-gap-default\">\n\t\t\t\t\t<div class=\"elementor-column elementor-col-100 elementor-top-column elementor-element elementor-element-c1d9d5d\" data-id=\"c1d9d5d\" data-element_type=\"column\">\n\t\t\t<div class=\"elementor-widget-wrap elementor-element-populated\">\n\t\t\t\t\t\t<div class=\"elementor-element elementor-element-0e90ae1 elementor-widget elementor-widget-spacer\" data-id=\"0e90ae1\" data-element_type=\"widget\" data-widget_type=\"spacer.default\">\n\t\t\t\t<div class=\"elementor-widget-container\">\n\t\t\t\t\t\t\t<div class=\"elementor-spacer\">\n\t\t\t<div class=\"elementor-spacer-inner\"><\/div>\n\t\t<\/div>\n\t\t\t\t\t\t<\/div>\n\t\t\t\t<\/div>\n\t\t\t\t\t<\/div>\n\t\t<\/div>\n\t\t\t\t\t<\/div>\n\t\t<\/section>\n\t\t\t\t<section class=\"elementor-section elementor-top-section elementor-element elementor-element-907e7ca elementor-section-boxed elementor-section-height-default elementor-section-height-default\" data-id=\"907e7ca\" data-element_type=\"section\">\n\t\t\t\t\t\t<div class=\"elementor-container elementor-column-gap-default\">\n\t\t\t\t\t<div class=\"elementor-column elementor-col-50 elementor-top-column elementor-element elementor-element-a7aa03e\" data-id=\"a7aa03e\" data-element_type=\"column\">\n\t\t\t<div class=\"elementor-widget-wrap elementor-element-populated\">\n\t\t\t\t\t\t<div class=\"elementor-element elementor-element-b797550 elementor-widget elementor-widget-image\" data-id=\"b797550\" data-element_type=\"widget\" data-widget_type=\"image.default\">\n\t\t\t\t<div class=\"elementor-widget-container\">\n\t\t\t\t\t\t\t\t\t\t\t\t\t\t\t\t<a href=\"https:\/\/kempingi.olsztyn.pl\/next\/next380\/\">\n\t\t\t\t\t\t\t<img decoding=\"async\" width=\"604\" height=\"340\" src=\"https:\/\/kempingi.olsztyn.pl\/next\/wp-content\/uploads\/2025\/03\/58377_next-nowa-marka-na-caravaningowym-rynku_0-768x432.webp\" class=\"elementor-animation-grow attachment-medium_large size-medium_large wp-image-3410\" alt=\"\" srcset=\"https:\/\/kempingi.olsztyn.pl\/next\/wp-content\/uploads\/2025\/03\/58377_next-nowa-marka-na-caravaningowym-rynku_0-768x432.webp 768w, https:\/\/kempingi.olsztyn.pl\/next\/wp-content\/uploads\/2025\/03\/58377_next-nowa-marka-na-caravaningowym-rynku_0-300x169.webp 300w, https:\/\/kempingi.olsztyn.pl\/next\/wp-content\/uploads\/2025\/03\/58377_next-nowa-marka-na-caravaningowym-rynku_0-1024x577.webp 1024w, https:\/\/kempingi.olsztyn.pl\/next\/wp-content\/uploads\/2025\/03\/58377_next-nowa-marka-na-caravaningowym-rynku_0.webp 1259w\" sizes=\"(max-width: 604px) 100vw, 604px\" \/>\t\t\t\t\t\t\t\t<\/a>\n\t\t\t\t\t\t\t\t\t\t\t\t\t\t\t<\/div>\n\t\t\t\t<\/div>\n\t\t\t\t<div class=\"elementor-element elementor-element-7b42b2b elementor-widget elementor-widget-heading\" data-id=\"7b42b2b\" data-element_type=\"widget\" data-widget_type=\"heading.default\">\n\t\t\t\t<div class=\"elementor-widget-container\">\n\t\t\t\t\t<h2 class=\"elementor-heading-title elementor-size-default\"><a href=\"https:\/\/kempingi.olsztyn.pl\/next\/next380\/\">NEXT380<\/a><\/h2>\t\t\t\t<\/div>\n\t\t\t\t<\/div>\n\t\t\t\t<div class=\"elementor-element elementor-element-40270cc elementor-align-center elementor-widget elementor-widget-button\" data-id=\"40270cc\" data-element_type=\"widget\" data-widget_type=\"button.default\">\n\t\t\t\t<div class=\"elementor-widget-container\">\n\t\t\t\t\t\t\t\t\t<div class=\"elementor-button-wrapper\">\n\t\t\t\t\t<a class=\"elementor-button elementor-button-link elementor-size-sm\" href=\"https:\/\/kempingi.olsztyn.pl\/next\/next380\/\">\n\t\t\t\t\t\t<span class=\"elementor-button-content-wrapper\">\n\t\t\t\t\t\t\t\t\t<span class=\"elementor-button-text\">Sprawd\u017a ofert\u0119<\/span>\n\t\t\t\t\t<\/span>\n\t\t\t\t\t<\/a>\n\t\t\t\t<\/div>\n\t\t\t\t\t\t\t\t<\/div>\n\t\t\t\t<\/div>\n\t\t\t\t\t<\/div>\n\t\t<\/div>\n\t\t\t\t<div class=\"elementor-column elementor-col-50 elementor-top-column elementor-element elementor-element-243ac9b\" data-id=\"243ac9b\" data-element_type=\"column\">\n\t\t\t<div class=\"elementor-widget-wrap elementor-element-populated\">\n\t\t\t\t\t\t<div class=\"elementor-element elementor-element-c2b81cf elementor-widget elementor-widget-image\" data-id=\"c2b81cf\" data-element_type=\"widget\" data-widget_type=\"image.default\">\n\t\t\t\t<div class=\"elementor-widget-container\">\n\t\t\t\t\t\t\t\t\t\t\t\t\t\t\t\t<a href=\"https:\/\/kempingi.olsztyn.pl\/next\/next381\/\">\n\t\t\t\t\t\t\t<img loading=\"lazy\" decoding=\"async\" width=\"604\" height=\"337\" src=\"https:\/\/kempingi.olsztyn.pl\/next\/wp-content\/uploads\/2026\/01\/next-381-banner-768x429.jpg\" class=\"elementor-animation-grow attachment-medium_large size-medium_large wp-image-3482\" alt=\"\" srcset=\"https:\/\/kempingi.olsztyn.pl\/next\/wp-content\/uploads\/2026\/01\/next-381-banner-768x429.jpg 768w, https:\/\/kempingi.olsztyn.pl\/next\/wp-content\/uploads\/2026\/01\/next-381-banner-300x168.jpg 300w, https:\/\/kempingi.olsztyn.pl\/next\/wp-content\/uploads\/2026\/01\/next-381-banner-1024x572.jpg 1024w, https:\/\/kempingi.olsztyn.pl\/next\/wp-content\/uploads\/2026\/01\/next-381-banner-1536x858.jpg 1536w, https:\/\/kempingi.olsztyn.pl\/next\/wp-content\/uploads\/2026\/01\/next-381-banner.jpg 1920w\" sizes=\"(max-width: 604px) 100vw, 604px\" \/>\t\t\t\t\t\t\t\t<\/a>\n\t\t\t\t\t\t\t\t\t\t\t\t\t\t\t<\/div>\n\t\t\t\t<\/div>\n\t\t\t\t<div class=\"elementor-element elementor-element-4a1c471 elementor-widget elementor-widget-heading\" data-id=\"4a1c471\" data-element_type=\"widget\" data-widget_type=\"heading.default\">\n\t\t\t\t<div class=\"elementor-widget-container\">\n\t\t\t\t\t<h2 class=\"elementor-heading-title elementor-size-default\"><a href=\"https:\/\/kempingi.olsztyn.pl\/next\/next380\/\">NEXT381<\/a><\/h2>\t\t\t\t<\/div>\n\t\t\t\t<\/div>\n\t\t\t\t<div class=\"elementor-element elementor-element-03491a3 elementor-align-center elementor-widget elementor-widget-button\" data-id=\"03491a3\" data-element_type=\"widget\" data-widget_type=\"button.default\">\n\t\t\t\t<div class=\"elementor-widget-container\">\n\t\t\t\t\t\t\t\t\t<div class=\"elementor-button-wrapper\">\n\t\t\t\t\t<a class=\"elementor-button elementor-button-link elementor-size-sm\" href=\"https:\/\/kempingi.olsztyn.pl\/next\/next381\/\">\n\t\t\t\t\t\t<span class=\"elementor-button-content-wrapper\">\n\t\t\t\t\t\t\t\t\t<span class=\"elementor-button-text\">Sprawd\u017a ofert\u0119<\/span>\n\t\t\t\t\t<\/span>\n\t\t\t\t\t<\/a>\n\t\t\t\t<\/div>\n\t\t\t\t\t\t\t\t<\/div>\n\t\t\t\t<\/div>\n\t\t\t\t\t<\/div>\n\t\t<\/div>\n\t\t\t\t\t<\/div>\n\t\t<\/section>\n\t\t\t\t<section class=\"elementor-section elementor-top-section elementor-element elementor-element-20b06c2 elementor-section-boxed elementor-section-height-default elementor-section-height-default\" data-id=\"20b06c2\" data-element_type=\"section\">\n\t\t\t\t\t\t<div class=\"elementor-container elementor-column-gap-default\">\n\t\t\t\t\t<div class=\"elementor-column elementor-col-100 elementor-top-column elementor-element elementor-element-82a8afa\" data-id=\"82a8afa\" data-element_type=\"column\">\n\t\t\t<div class=\"elementor-widget-wrap\">\n\t\t\t\t\t\t\t<\/div>\n\t\t<\/div>\n\t\t\t\t\t<\/div>\n\t\t<\/section>\n\t\t\t\t<section class=\"elementor-section elementor-top-section elementor-element elementor-element-63b4953 elementor-section-boxed elementor-section-height-default elementor-section-height-default\" data-id=\"63b4953\" data-element_type=\"section\">\n\t\t\t\t\t\t<div class=\"elementor-container elementor-column-gap-default\">\n\t\t\t\t\t<div class=\"elementor-column elementor-col-100 elementor-top-column elementor-element elementor-element-71aaad3\" data-id=\"71aaad3\" data-element_type=\"column\">\n\t\t\t<div class=\"elementor-widget-wrap elementor-element-populated\">\n\t\t\t\t\t\t<div class=\"elementor-element elementor-element-98f61c7 elementor-widget elementor-widget-spacer\" data-id=\"98f61c7\" data-element_type=\"widget\" data-widget_type=\"spacer.default\">\n\t\t\t\t<div class=\"elementor-widget-container\">\n\t\t\t\t\t\t\t<div class=\"elementor-spacer\">\n\t\t\t<div class=\"elementor-spacer-inner\"><\/div>\n\t\t<\/div>\n\t\t\t\t\t\t<\/div>\n\t\t\t\t<\/div>\n\t\t\t\t\t<\/div>\n\t\t<\/div>\n\t\t\t\t\t<\/div>\n\t\t<\/section>\n\t\t\t\t<\/div>\n\t\t","protected":false},"excerpt":{"rendered":"<p>NEXT380 Sprawd\u017a ofert\u0119 NEXT381 Sprawd\u017a ofert\u0119<\/p>\n","protected":false},"author":1,"featured_media":0,"parent":0,"menu_order":0,"comment_status":"closed","ping_status":"closed","template":"page-home.php","meta":{"inline_featured_image":false,"footnotes":""},"class_list":["post-203","page","type-page","status-publish","hentry"],"yoast_head":"<!-- This site is optimized with the Yoast SEO plugin v27.5 - https:\/\/yoast.com\/product\/yoast-seo-wordpress\/ -->\n<title>Autoryzowany dystrybutor przyczep kempingowych NEXT<\/title>\n<meta name=\"description\" content=\"Zapraszamy do sprawdzenia naszej oferty nowych przyczep kempingowych Niewiad\u00f3w wraz serwisem oraz rozbudowan\u0105 ofert\u0105 cz\u0119\u015bci.\" \/>\n<meta name=\"robots\" content=\"index, follow, max-snippet:-1, max-image-preview:large, max-video-preview:-1\" \/>\n<link rel=\"canonical\" href=\"https:\/\/kempingi.olsztyn.pl\/next\/\" \/>\n<meta property=\"og:locale\" content=\"pl_PL\" \/>\n<meta property=\"og:type\" content=\"article\" \/>\n<meta property=\"og:title\" content=\"Autoryzowany dystrybutor przyczep kempingowych NEXT\" \/>\n<meta property=\"og:description\" content=\"Zapraszamy do sprawdzenia naszej oferty nowych przyczep kempingowych Niewiad\u00f3w wraz serwisem oraz rozbudowan\u0105 ofert\u0105 cz\u0119\u015bci.\" \/>\n<meta property=\"og:url\" content=\"https:\/\/kempingi.olsztyn.pl\/next\/\" \/>\n<meta property=\"og:site_name\" content=\"Autoryzowany dystrybutor przyczep kempingowych NEXT\" \/>\n<meta property=\"article:publisher\" content=\"https:\/\/www.facebook.com\/Kempingi.Olsztyn\/\" \/>\n<meta property=\"article:modified_time\" content=\"2026-01-29T10:33:40+00:00\" \/>\n<meta property=\"og:image\" content=\"http:\/\/kempingi.olsztyn.pl\/next\/wp-content\/uploads\/2025\/03\/58377_next-nowa-marka-na-caravaningowym-rynku_0-768x432.webp\" \/>\n<meta name=\"twitter:card\" content=\"summary_large_image\" \/>\n<meta name=\"twitter:label1\" content=\"Szacowany czas czytania\" \/>\n\t<meta name=\"twitter:data1\" content=\"1 minuta\" \/>\n<script type=\"application\/ld+json\" class=\"yoast-schema-graph\">{\"@context\":\"https:\\\/\\\/schema.org\",\"@graph\":[{\"@type\":\"WebPage\",\"@id\":\"https:\\\/\\\/kempingi.olsztyn.pl\\\/next\\\/\",\"url\":\"https:\\\/\\\/kempingi.olsztyn.pl\\\/next\\\/\",\"name\":\"Autoryzowany dystrybutor przyczep kempingowych NEXT\",\"isPartOf\":{\"@id\":\"https:\\\/\\\/kempingi.olsztyn.pl\\\/next\\\/#website\"},\"primaryImageOfPage\":{\"@id\":\"https:\\\/\\\/kempingi.olsztyn.pl\\\/next\\\/#primaryimage\"},\"image\":{\"@id\":\"https:\\\/\\\/kempingi.olsztyn.pl\\\/next\\\/#primaryimage\"},\"thumbnailUrl\":\"http:\\\/\\\/kempingi.olsztyn.pl\\\/next\\\/wp-content\\\/uploads\\\/2025\\\/03\\\/58377_next-nowa-marka-na-caravaningowym-rynku_0-768x432.webp\",\"datePublished\":\"2011-09-14T09:45:02+00:00\",\"dateModified\":\"2026-01-29T10:33:40+00:00\",\"description\":\"Zapraszamy do sprawdzenia naszej oferty nowych przyczep kempingowych Niewiad\u00f3w wraz serwisem oraz rozbudowan\u0105 ofert\u0105 cz\u0119\u015bci.\",\"breadcrumb\":{\"@id\":\"https:\\\/\\\/kempingi.olsztyn.pl\\\/next\\\/#breadcrumb\"},\"inLanguage\":\"pl-PL\",\"potentialAction\":[{\"@type\":\"ReadAction\",\"target\":[\"https:\\\/\\\/kempingi.olsztyn.pl\\\/next\\\/\"]}]},{\"@type\":\"ImageObject\",\"inLanguage\":\"pl-PL\",\"@id\":\"https:\\\/\\\/kempingi.olsztyn.pl\\\/next\\\/#primaryimage\",\"url\":\"http:\\\/\\\/kempingi.olsztyn.pl\\\/next\\\/wp-content\\\/uploads\\\/2025\\\/03\\\/58377_next-nowa-marka-na-caravaningowym-rynku_0-768x432.webp\",\"contentUrl\":\"http:\\\/\\\/kempingi.olsztyn.pl\\\/next\\\/wp-content\\\/uploads\\\/2025\\\/03\\\/58377_next-nowa-marka-na-caravaningowym-rynku_0-768x432.webp\"},{\"@type\":\"BreadcrumbList\",\"@id\":\"https:\\\/\\\/kempingi.olsztyn.pl\\\/next\\\/#breadcrumb\",\"itemListElement\":[{\"@type\":\"ListItem\",\"position\":1,\"name\":\"Strona g\u0142\u00f3wna\",\"item\":\"https:\\\/\\\/kempingi.olsztyn.pl\\\/next\\\/\"},{\"@type\":\"ListItem\",\"position\":2,\"name\":\"G\u0142\u00f3wna\"}]},{\"@type\":\"WebSite\",\"@id\":\"https:\\\/\\\/kempingi.olsztyn.pl\\\/next\\\/#website\",\"url\":\"https:\\\/\\\/kempingi.olsztyn.pl\\\/next\\\/\",\"name\":\"Autoryzowany dystrybutor przyczep kempingowych NEXT\",\"description\":\"\",\"potentialAction\":[{\"@type\":\"SearchAction\",\"target\":{\"@type\":\"EntryPoint\",\"urlTemplate\":\"https:\\\/\\\/kempingi.olsztyn.pl\\\/next\\\/?s={search_term_string}\"},\"query-input\":{\"@type\":\"PropertyValueSpecification\",\"valueRequired\":true,\"valueName\":\"search_term_string\"}}],\"inLanguage\":\"pl-PL\"}]}<\/script>\n<!-- \/ Yoast SEO plugin. -->","yoast_head_json":{"title":"Autoryzowany dystrybutor przyczep kempingowych NEXT","description":"Zapraszamy do sprawdzenia naszej oferty nowych przyczep kempingowych Niewiad\u00f3w wraz serwisem oraz rozbudowan\u0105 ofert\u0105 cz\u0119\u015bci.","robots":{"index":"index","follow":"follow","max-snippet":"max-snippet:-1","max-image-preview":"max-image-preview:large","max-video-preview":"max-video-preview:-1"},"canonical":"https:\/\/kempingi.olsztyn.pl\/next\/","og_locale":"pl_PL","og_type":"article","og_title":"Autoryzowany dystrybutor przyczep kempingowych NEXT","og_description":"Zapraszamy do sprawdzenia naszej oferty nowych przyczep kempingowych Niewiad\u00f3w wraz serwisem oraz rozbudowan\u0105 ofert\u0105 cz\u0119\u015bci.","og_url":"https:\/\/kempingi.olsztyn.pl\/next\/","og_site_name":"Autoryzowany dystrybutor przyczep kempingowych NEXT","article_publisher":"https:\/\/www.facebook.com\/Kempingi.Olsztyn\/","article_modified_time":"2026-01-29T10:33:40+00:00","og_image":[{"url":"http:\/\/kempingi.olsztyn.pl\/next\/wp-content\/uploads\/2025\/03\/58377_next-nowa-marka-na-caravaningowym-rynku_0-768x432.webp","type":"","width":"","height":""}],"twitter_card":"summary_large_image","twitter_misc":{"Szacowany czas czytania":"1 minuta"},"schema":{"@context":"https:\/\/schema.org","@graph":[{"@type":"WebPage","@id":"https:\/\/kempingi.olsztyn.pl\/next\/","url":"https:\/\/kempingi.olsztyn.pl\/next\/","name":"Autoryzowany dystrybutor przyczep kempingowych NEXT","isPartOf":{"@id":"https:\/\/kempingi.olsztyn.pl\/next\/#website"},"primaryImageOfPage":{"@id":"https:\/\/kempingi.olsztyn.pl\/next\/#primaryimage"},"image":{"@id":"https:\/\/kempingi.olsztyn.pl\/next\/#primaryimage"},"thumbnailUrl":"http:\/\/kempingi.olsztyn.pl\/next\/wp-content\/uploads\/2025\/03\/58377_next-nowa-marka-na-caravaningowym-rynku_0-768x432.webp","datePublished":"2011-09-14T09:45:02+00:00","dateModified":"2026-01-29T10:33:40+00:00","description":"Zapraszamy do sprawdzenia naszej oferty nowych przyczep kempingowych Niewiad\u00f3w wraz serwisem oraz rozbudowan\u0105 ofert\u0105 cz\u0119\u015bci.","breadcrumb":{"@id":"https:\/\/kempingi.olsztyn.pl\/next\/#breadcrumb"},"inLanguage":"pl-PL","potentialAction":[{"@type":"ReadAction","target":["https:\/\/kempingi.olsztyn.pl\/next\/"]}]},{"@type":"ImageObject","inLanguage":"pl-PL","@id":"https:\/\/kempingi.olsztyn.pl\/next\/#primaryimage","url":"http:\/\/kempingi.olsztyn.pl\/next\/wp-content\/uploads\/2025\/03\/58377_next-nowa-marka-na-caravaningowym-rynku_0-768x432.webp","contentUrl":"http:\/\/kempingi.olsztyn.pl\/next\/wp-content\/uploads\/2025\/03\/58377_next-nowa-marka-na-caravaningowym-rynku_0-768x432.webp"},{"@type":"BreadcrumbList","@id":"https:\/\/kempingi.olsztyn.pl\/next\/#breadcrumb","itemListElement":[{"@type":"ListItem","position":1,"name":"Strona g\u0142\u00f3wna","item":"https:\/\/kempingi.olsztyn.pl\/next\/"},{"@type":"ListItem","position":2,"name":"G\u0142\u00f3wna"}]},{"@type":"WebSite","@id":"https:\/\/kempingi.olsztyn.pl\/next\/#website","url":"https:\/\/kempingi.olsztyn.pl\/next\/","name":"Autoryzowany dystrybutor przyczep kempingowych NEXT","description":"","potentialAction":[{"@type":"SearchAction","target":{"@type":"EntryPoint","urlTemplate":"https:\/\/kempingi.olsztyn.pl\/next\/?s={search_term_string}"},"query-input":{"@type":"PropertyValueSpecification","valueRequired":true,"valueName":"search_term_string"}}],"inLanguage":"pl-PL"}]}},"_links":{"self":[{"href":"https:\/\/kempingi.olsztyn.pl\/next\/wp-json\/wp\/v2\/pages\/203","targetHints":{"allow":["GET"]}}],"collection":[{"href":"https:\/\/kempingi.olsztyn.pl\/next\/wp-json\/wp\/v2\/pages"}],"about":[{"href":"https:\/\/kempingi.olsztyn.pl\/next\/wp-json\/wp\/v2\/types\/page"}],"author":[{"embeddable":true,"href":"https:\/\/kempingi.olsztyn.pl\/next\/wp-json\/wp\/v2\/users\/1"}],"replies":[{"embeddable":true,"href":"https:\/\/kempingi.olsztyn.pl\/next\/wp-json\/wp\/v2\/comments?post=203"}],"version-history":[{"count":185,"href":"https:\/\/kempingi.olsztyn.pl\/next\/wp-json\/wp\/v2\/pages\/203\/revisions"}],"predecessor-version":[{"id":3513,"href":"https:\/\/kempingi.olsztyn.pl\/next\/wp-json\/wp\/v2\/pages\/203\/revisions\/3513"}],"wp:attachment":[{"href":"https:\/\/kempingi.olsztyn.pl\/next\/wp-json\/wp\/v2\/media?parent=203"}],"curies":[{"name":"wp","href":"https:\/\/api.w.org\/{rel}","templated":true}]}}